{"id":31,"date":"2014-07-11T20:56:24","date_gmt":"2014-07-11T20:56:24","guid":{"rendered":"http:\/\/juristenbibliothek-leipzig.de\/wp\/?page_id=31"},"modified":"2026-04-15T14:07:11","modified_gmt":"2026-04-15T12:07:11","slug":"vorstand","status":"publish","type":"page","link":"https:\/\/juristenbibliothek-leipzig.de\/?page_id=31","title":{"rendered":"Vorstand"},"content":{"rendered":"<p>Der Vorstand in seiner jetzigen Zusammensetzung wurde am 30.01.2026 f\u00fcr die Dauer von einem Jahr gew\u00e4hlt. Seine Mitglieder sind:<\/p>\n<p><strong>Georg Julius H\u00fcbler<\/strong>, Vorstandsvorsitzender<br \/><a href=\"mailto:Vorstand@juristenbibliothek-leipzig.de\">Vorstand@juristenbibliothek-leipzig.de<\/a><\/p>\n<p><strong>Enrico Massimo Fischer<\/strong>,<strong>\u00a0<\/strong>Stellvertretender Vorstandsvorsitzender<br \/><a href=\"mailto:Vorstand@juristenbibliothek-leipzig.de\">Vorstand@juristenbibliothek-leipzig.de<\/a><\/p>\n<p><strong>Robert Hies<\/strong>, Schatzmeister<br \/><a href=\"mailto:schatzmeister@juristenbibliothek-leipzig.de\">Schatzmeister@juristenbibliothek-leipzig.de<\/a><\/p>\n\n\n<p><strong>Vincent Laskow<\/strong>, Beisitzer<br><a href=\"mailto:Vorstand@juristenbibliothek-leipzig.de\">Vorstand@juristenbibliothek-leipzig.de<\/a> <\/p>\n\n\n\n<p><strong><strong>Nils Seidel<\/strong><\/strong>, Beisitzer<br><a href=\"mailto:Vorstand@juristenbibliothek-leipzig.de\">Vorstand@juristenbibliothek-leipzig.de<\/a> <\/p>\n\n\n\n<p><strong><strong><strong>Lisa-Jane Ney<\/strong><\/strong><\/strong>, Beisitzerin<br><a href=\"mailto:Vorstand@juristenbibliothek-leipzig.de\">Vorstand@juristenbibliothek-leipzig.de<\/a> <\/p>\n\n\n\n<p><strong><strong><strong>Simon Friedrich Kleine<\/strong><\/strong><\/strong>, Beisitzer<br><a href=\"mailto:Vorstand@juristenbibliothek-leipzig.de\">Vorstand@juristenbibliothek-leipzig.de<\/a> <\/p>\n","protected":false},"excerpt":{"rendered":"<p>Der Vorstand in seiner jetzigen Zusammensetzung wurde am 30.01.2026 f\u00fcr die Dauer von einem Jahr gew\u00e4hlt. Seine Mitglieder sind: Georg Julius H\u00fcbler, VorstandsvorsitzenderVorstand@juristenbibliothek-leipzig.de Enrico Massimo Fischer,\u00a0Stellvertretender VorstandsvorsitzenderVorstand@juristenbibliothek-leipzig.de Robert Hies, SchatzmeisterSchatzmeister@juristenbibliothek-leipzig.de Vincent Laskow, BeisitzerVorstand@juristenbibliothek-leipzig.de Nils Seidel, BeisitzerVorstand@juristenbibliothek-leipzig.de Lisa-Jane Ney, BeisitzerinVorstand@juristenbibliothek-leipzig.de Simon Friedrich Kleine, BeisitzerVorstand@juristenbibliothek-leipzig.de<\/p>\n<p> <a class=\"continue-reading-link\" href=\"https:\/\/juristenbibliothek-leipzig.de\/?page_id=31\"><span>Continue reading<\/span><i class=\"crycon-right-dir\"><\/i><\/a> <\/p>\n","protected":false},"author":1,"featured_media":0,"parent":0,"menu_order":0,"comment_status":"closed","ping_status":"closed","template":"","meta":{"spay_email":"","footnotes":""},"class_list":["post-31","page","type-page","status-publish","hentry"],"jetpack_shortlink":"https:\/\/wp.me\/P4V34a-v","jetpack-related-posts":[{"id":53,"url":"https:\/\/juristenbibliothek-leipzig.de\/?page_id=53","url_meta":{"origin":31,"position":0},"title":"Kontakt","date":"12. Juli 2014","format":false,"excerpt":"Sie haben Fragen oder Anmerkungen? Sie m\u00f6chten Ihre Adresse oder E-Mail-Adresse \u00e4ndern? Sie m\u00f6chten uns etwas anderes bez\u00fcglich Ihrer Vereinsmitgliedschaft mitteilen? Kontaktieren Sie uns unter: vorstand@juristenbibliothek-leipzig.de \u00a0","rel":"","context":"\u00c4hnlicher Beitrag","img":{"alt_text":"","src":"","width":0,"height":0},"classes":[]},{"id":7,"url":"https:\/\/juristenbibliothek-leipzig.de\/?page_id=7","url_meta":{"origin":31,"position":1},"title":"Sponsoring","date":"11. Juli 2014","format":false,"excerpt":"Sie wollen sich von juristischer Literatur trennen, da das B\u00fccherregal droht zusammenzufallen? Oder m\u00f6chten Sie Geld f\u00fcr die Verbesserung der Bibliotheksausstattung spenden? Wir freuen uns \u00fcber jeden noch so kleinen Beitrag. Wie k\u00f6nnen wir uns revanchieren? Beispielsweise bei gr\u00f6\u00dferen Geldspenden oder kontinuierlicher Unterst\u00fctzung mit einer Verlinkung auf unserer Homepage und\u2026","rel":"","context":"\u00c4hnlicher Beitrag","img":{"alt_text":"","src":"","width":0,"height":0},"classes":[]},{"id":19,"url":"https:\/\/juristenbibliothek-leipzig.de\/?page_id=19","url_meta":{"origin":31,"position":2},"title":"Impressum","date":"11. Juli 2014","format":false,"excerpt":"Anschrift: Verein zur F\u00f6rderung der Juristenbibliothek Leipzig e.V. c\/o Juristenfakult\u00e4t Leipzig Burgstra\u00dfe 27 04109 Leipzig E-Mail: Vorstand@juristenbibliothek-leipzig.de Kein Zugang f\u00fcr elektronisch signierte sowie f\u00fcr verschl\u00fcsselte elektronische Dokumente. Registernummer VR 2959 Vereinsregister Leipzig Amtsgericht Leipzig Bernhard-G\u00f6ring-Str. 64 04275 Leipzig Vertretungsberechtigter Vorstand: Johann Mitzscherlich, Vorstandsvorsitzender Georg Julius H\u00fcbler, Stellvertretender Vorsitzender Robert Hies,\u2026","rel":"","context":"\u00c4hnlicher Beitrag","img":{"alt_text":"","src":"","width":0,"height":0},"classes":[]},{"id":325,"url":"https:\/\/juristenbibliothek-leipzig.de\/?page_id=325","url_meta":{"origin":31,"position":3},"title":"Mittelverwendung","date":"7. Januar 2026","format":false,"excerpt":"Mittelverwendung im Jahr 2025 Frau Brandenburger (l.) im Gespr\u00e4ch mit Georg Julius H\u00fcbler (m.) und Vincent Laskow (r.) Der Vorstand des F\u00f6rdervereins \u00fcbergibt Frau Brandenburger in der Bibliothek Rechtswissenschaft 1 und 2 insgesamt f\u00fcnf Stahlspinde im Wert von 5.369,88 Euro, die mit Mitteln des Vereins finanziert werden konnten. Die neu\u2026","rel":"","context":"\u00c4hnlicher Beitrag","img":{"alt_text":"","src":"https:\/\/i0.wp.com\/juristenbibliothek-leipzig.de\/wp-content\/uploads\/2026\/01\/DSC04940-scaled.jpg?resize=350%2C200&ssl=1","width":350,"height":200},"classes":[]},{"id":5,"url":"https:\/\/juristenbibliothek-leipzig.de\/?page_id=5","url_meta":{"origin":31,"position":4},"title":"Mitgliedschaft","date":"11. Juli 2014","format":false,"excerpt":"Warum soll ich Mitglied werden? \"... Warum soll ich Mitglied werden? Was kann ich mit dem geringen Beitrag von 11 oder 26 \u20ac schon ausrichten? Damit kann man doch noch nicht einmal ein einfaches Lehrbuch, geschweige denn einen Kommentar kaufen. Und au\u00dferdem ist die Ausstattung der Universit\u00e4tsbibliotheken doch Aufgabe der\u2026","rel":"","context":"\u00c4hnlicher Beitrag","img":{"alt_text":"","src":"","width":0,"height":0},"classes":[]},{"id":64,"url":"https:\/\/juristenbibliothek-leipzig.de\/?page_id=64","url_meta":{"origin":31,"position":5},"title":"Antrag","date":"16. Juli 2014","format":false,"excerpt":"Hier finden Sie den Mitgliedschaftsantrag. \u00a0 Aufnahmeantrag \u00a0\u00a0Satzung \u00a0Ordnung Ausgef\u00fcllt k\u00f6nnen Sie uns ihn per\u00a0Post Verein zur F\u00f6rderung der Juristenbibliothek Leipzig e.V. Juristenfakult\u00e4t Burgstr. 27 04109 Leipzig oder\u00a0Fax, (0341) 97 35 129 sowie durch unseren Briefkasten in der blauen\u00a0Infobox\u00a0im Foyer der Juristenbibliothek zukommen lassen.","rel":"","context":"\u00c4hnlicher Beitrag","img":{"alt_text":"","src":"","width":0,"height":0},"classes":[]}],"_links":{"self":[{"href":"https:\/\/juristenbibliothek-leipzig.de\/index.php?rest_route=\/wp\/v2\/pages\/31","targetHints":{"allow":["GET"]}}],"collection":[{"href":"https:\/\/juristenbibliothek-leipzig.de\/index.php?rest_route=\/wp\/v2\/pages"}],"about":[{"href":"https:\/\/juristenbibliothek-leipzig.de\/index.php?rest_route=\/wp\/v2\/types\/page"}],"author":[{"embeddable":true,"href":"https:\/\/juristenbibliothek-leipzig.de\/index.php?rest_route=\/wp\/v2\/users\/1"}],"replies":[{"embeddable":true,"href":"https:\/\/juristenbibliothek-leipzig.de\/index.php?rest_route=%2Fwp%2Fv2%2Fcomments&post=31"}],"version-history":[{"count":28,"href":"https:\/\/juristenbibliothek-leipzig.de\/index.php?rest_route=\/wp\/v2\/pages\/31\/revisions"}],"predecessor-version":[{"id":351,"href":"https:\/\/juristenbibliothek-leipzig.de\/index.php?rest_route=\/wp\/v2\/pages\/31\/revisions\/351"}],"wp:attachment":[{"href":"https:\/\/juristenbibliothek-leipzig.de\/index.php?rest_route=%2Fwp%2Fv2%2Fmedia&parent=31"}],"curies":[{"name":"wp","href":"https:\/\/api.w.org\/{rel}","templated":true}]}}