{"id":5,"date":"2014-07-11T12:10:27","date_gmt":"2014-07-11T12:10:27","guid":{"rendered":"http:\/\/juristenbibliothek-leipzig.de\/wp\/?page_id=5"},"modified":"2022-05-24T20:17:17","modified_gmt":"2022-05-24T18:17:17","slug":"mitgliedschaft","status":"publish","type":"page","link":"https:\/\/juristenbibliothek-leipzig.de\/?page_id=5","title":{"rendered":"Mitgliedschaft"},"content":{"rendered":"<div class=\"csc-header csc-header-n1\" style=\"color: #333333;\">\n<h1 class=\"csc-firstHeader\">Warum soll ich Mitglied werden?<\/h1>\n<\/div>\n<p style=\"color: #333333;\"><i>&#8222;&#8230; Warum soll ich Mitglied werden? Was kann ich mit dem geringen Beitrag von 11 oder 26 \u20ac schon ausrichten? Damit kann man doch noch nicht einmal ein einfaches Lehrbuch, geschweige denn einen Kommentar kaufen. Und au\u00dferdem ist die Ausstattung der Universit\u00e4tsbibliotheken doch Aufgabe der \u00f6ffentlichen Hand&#8230;&#8220;<\/i><\/p>\n<p style=\"color: #333333;\"><i><\/i>Solche Aussagen h\u00f6ren wir h\u00e4ufiger. Diejenigen, die solche Argumente vorbringen, befinden sich jedoch auf dem argumentativen Holzweg.<\/p>\n<p style=\"color: #333333;\">Sicherlich ist es richtig, dass man mit den 11 bzw. 26 \u20ac allein nicht viel ausrichten kann, jedoch macht es wie so oft die Masse. Lediglich ausgegangen von einer Zahl von 1000 aktiven Studenten w\u00e4ren es runde 11.000 \u20ac an Mitgliedsbeitr\u00e4gen, wenn jeder Student dem Verein beitreten w\u00fcrde&#8230;<\/p>\n<p style=\"color: #333333;\">Daf\u00fcr lie\u00dfe sich eine Menge an Lehrb\u00fcchern oder auch Kommentaren anschaffen. Nat\u00fcrlich k\u00e4men auch noch die Mitgliedsbeitr\u00e4ge der Nicht- Studenten hinzu, so dass damit noch mehr Geld zur Verf\u00fcgung st\u00fcnde.<\/p>\n<p style=\"color: #333333;\">Das zweite Argument mag sicher zutreffend sein. Jedoch werden die Ausgaben f\u00fcr Bildung in naher Zukunft nicht steigen, bestenfalls stagnieren, so dass auch die Mittel f\u00fcr die Ausstattung der Bibliotheken nicht ansteigen. Aber wer m\u00f6chte mit alten Kommentaren oder Lehrb\u00fcchern sein Jurastudenten- oder Referendardasein fristen? Keiner!<\/p>\n<p style=\"color: #333333;\">Daher bleibt nichts anderes \u00fcbrig, als selbst f\u00fcr bessere Studienbedingungen zu sorgen.<\/p>\n<p style=\"color: #333333;\">Und im \u00fcbrigen: Mitgliedsbeitr\u00e4ge k\u00f6nnen sich auch steuermindernd auswirken (Spendenquittungen f\u00fcr den Mitgliedsbeitrag k\u00f6nnen ausgestellt werden).<\/p>\n<p style=\"color: #333333;\">Das ist aber noch nicht alles. Es gibt weitere handfeste Vorteile, die eine aktive Arbeit im Verein mit sich bringt:<\/p>\n<p style=\"color: #333333;\">Zun\u00e4chst ist da der Kontakt mit den Professoren.<\/p>\n<p style=\"color: #333333;\">Nicht zu vergessen die Referenz im Lebenslauf. Ehrenamtliches Engagement wird bei potentiellen Arbeitgebern gern gesehen.<\/p>\n<p style=\"color: #333333;\">So kann man sich wohltuend von den anderen Bewerbern abheben.<\/p>\n<p style=\"color: #333333;\">F\u00fcr weitere Fragen sind wir gerne erreichbar.<\/p>\n<p><strong><a href=\"mailto:vorstand@juristenbibliothek-leipzig.de\">vorstand@juristenbibliothek-leipzig.de<\/a><\/strong><\/p>\n","protected":false},"excerpt":{"rendered":"<p>Warum soll ich Mitglied werden? &#8222;&#8230; Warum soll ich Mitglied werden? Was kann ich mit dem geringen Beitrag von 11 oder 26 \u20ac schon ausrichten? Damit kann man doch noch nicht einmal ein einfaches Lehrbuch, geschweige denn einen Kommentar kaufen. Und au\u00dferdem ist die Ausstattung der Universit\u00e4tsbibliotheken doch Aufgabe der&#8230;<\/p>\n<p> <a class=\"continue-reading-link\" href=\"https:\/\/juristenbibliothek-leipzig.de\/?page_id=5\"><span>Continue reading<\/span><i class=\"crycon-right-dir\"><\/i><\/a> <\/p>\n","protected":false},"author":1,"featured_media":0,"parent":0,"menu_order":0,"comment_status":"closed","ping_status":"closed","template":"","meta":{"spay_email":"","footnotes":""},"class_list":["post-5","page","type-page","status-publish","hentry"],"jetpack_shortlink":"https:\/\/wp.me\/P4V34a-5","jetpack-related-posts":[{"id":2,"url":"https:\/\/juristenbibliothek-leipzig.de\/","url_meta":{"origin":5,"position":0},"title":"Verein","date":"9. Mai 2014","format":false,"excerpt":"Wer sind wir? Der Verein zur F\u00f6rderung der Juristenbibliothek e.V. wurde 16.10.1997 auf Initiative von Studenten und Professoren gegr\u00fcndet. Er ist im Vereinsregister eingetragen und als gemeinn\u00fctzig im Sinne der Abgabenordnung anerkannt (VR 2959, AG Leipzig). Was machen wir? Das Ziel ist die F\u00f6rderung der Juristenbibliothek Leipzig und damit auch\u2026","rel":"","context":"\u00c4hnlicher Beitrag","img":{"alt_text":"","src":"","width":0,"height":0},"classes":[]},{"id":31,"url":"https:\/\/juristenbibliothek-leipzig.de\/?page_id=31","url_meta":{"origin":5,"position":1},"title":"Vorstand","date":"11. Juli 2014","format":false,"excerpt":"Der Vorstand in seiner jetzigen Zusammensetzung wurde am 30.01.2026 f\u00fcr die Dauer von einem Jahr gew\u00e4hlt. Seine Mitglieder sind: Georg Julius H\u00fcbler, VorstandsvorsitzenderVorstand@juristenbibliothek-leipzig.de Enrico Massimo Fischer,\u00a0Stellvertretender VorstandsvorsitzenderVorstand@juristenbibliothek-leipzig.de Robert Hies, SchatzmeisterSchatzmeister@juristenbibliothek-leipzig.de Vincent Laskow, BeisitzerVorstand@juristenbibliothek-leipzig.de Nils Seidel, BeisitzerVorstand@juristenbibliothek-leipzig.de Lisa-Jane Ney, BeisitzerinVorstand@juristenbibliothek-leipzig.de Simon Friedrich Kleine, BeisitzerVorstand@juristenbibliothek-leipzig.de","rel":"","context":"\u00c4hnlicher Beitrag","img":{"alt_text":"","src":"","width":0,"height":0},"classes":[]},{"id":232,"url":"https:\/\/juristenbibliothek-leipzig.de\/?page_id=232","url_meta":{"origin":5,"position":2},"title":"Datenschutzerkl\u00e4rung","date":"9. Mai 2022","format":false,"excerpt":"Wer wir sind Textvorschlag: Die Adresse unserer Website ist: https:\/\/juristenbibliothek-leipzig.de. Kommentare Textvorschlag: Wenn Besucher Kommentare auf der Website schreiben, sammeln wir die Daten, die im Kommentar-Formular angezeigt werden, au\u00dferdem die IP-Adresse des Besuchers und den User-Agent-String (damit wird der Browser identifiziert), um die Erkennung von Spam zu unterst\u00fctzen. Aus deiner\u2026","rel":"","context":"\u00c4hnlicher Beitrag","img":{"alt_text":"","src":"","width":0,"height":0},"classes":[]},{"id":19,"url":"https:\/\/juristenbibliothek-leipzig.de\/?page_id=19","url_meta":{"origin":5,"position":3},"title":"Impressum","date":"11. Juli 2014","format":false,"excerpt":"Anschrift: Verein zur F\u00f6rderung der Juristenbibliothek Leipzig e.V. c\/o Juristenfakult\u00e4t Leipzig Burgstra\u00dfe 27 04109 Leipzig E-Mail: Vorstand@juristenbibliothek-leipzig.de Kein Zugang f\u00fcr elektronisch signierte sowie f\u00fcr verschl\u00fcsselte elektronische Dokumente. Registernummer VR 2959 Vereinsregister Leipzig Amtsgericht Leipzig Bernhard-G\u00f6ring-Str. 64 04275 Leipzig Vertretungsberechtigter Vorstand: Johann Mitzscherlich, Vorstandsvorsitzender Georg Julius H\u00fcbler, Stellvertretender Vorsitzender Robert Hies,\u2026","rel":"","context":"\u00c4hnlicher Beitrag","img":{"alt_text":"","src":"","width":0,"height":0},"classes":[]},{"id":325,"url":"https:\/\/juristenbibliothek-leipzig.de\/?page_id=325","url_meta":{"origin":5,"position":4},"title":"Mittelverwendung","date":"7. Januar 2026","format":false,"excerpt":"Mittelverwendung im Jahr 2025 Frau Brandenburger (l.) im Gespr\u00e4ch mit Georg Julius H\u00fcbler (m.) und Vincent Laskow (r.) Der Vorstand des F\u00f6rdervereins \u00fcbergibt Frau Brandenburger in der Bibliothek Rechtswissenschaft 1 und 2 insgesamt f\u00fcnf Stahlspinde im Wert von 5.369,88 Euro, die mit Mitteln des Vereins finanziert werden konnten. Die neu\u2026","rel":"","context":"\u00c4hnlicher Beitrag","img":{"alt_text":"","src":"https:\/\/i0.wp.com\/juristenbibliothek-leipzig.de\/wp-content\/uploads\/2026\/01\/DSC04940-scaled.jpg?resize=350%2C200&ssl=1","width":350,"height":200},"classes":[]}],"_links":{"self":[{"href":"https:\/\/juristenbibliothek-leipzig.de\/index.php?rest_route=\/wp\/v2\/pages\/5","targetHints":{"allow":["GET"]}}],"collection":[{"href":"https:\/\/juristenbibliothek-leipzig.de\/index.php?rest_route=\/wp\/v2\/pages"}],"about":[{"href":"https:\/\/juristenbibliothek-leipzig.de\/index.php?rest_route=\/wp\/v2\/types\/page"}],"author":[{"embeddable":true,"href":"https:\/\/juristenbibliothek-leipzig.de\/index.php?rest_route=\/wp\/v2\/users\/1"}],"replies":[{"embeddable":true,"href":"https:\/\/juristenbibliothek-leipzig.de\/index.php?rest_route=%2Fwp%2Fv2%2Fcomments&post=5"}],"version-history":[{"count":6,"href":"https:\/\/juristenbibliothek-leipzig.de\/index.php?rest_route=\/wp\/v2\/pages\/5\/revisions"}],"predecessor-version":[{"id":297,"href":"https:\/\/juristenbibliothek-leipzig.de\/index.php?rest_route=\/wp\/v2\/pages\/5\/revisions\/297"}],"wp:attachment":[{"href":"https:\/\/juristenbibliothek-leipzig.de\/index.php?rest_route=%2Fwp%2Fv2%2Fmedia&parent=5"}],"curies":[{"name":"wp","href":"https:\/\/api.w.org\/{rel}","templated":true}]}}