{"id":53,"date":"2014-07-12T10:39:46","date_gmt":"2014-07-12T10:39:46","guid":{"rendered":"http:\/\/juristenbibliothek-leipzig.de\/wp\/?page_id=53"},"modified":"2023-11-24T11:32:05","modified_gmt":"2023-11-24T09:32:05","slug":"kontakt","status":"publish","type":"page","link":"https:\/\/juristenbibliothek-leipzig.de\/?page_id=53","title":{"rendered":"Kontakt"},"content":{"rendered":"<p>Sie haben Fragen oder Anmerkungen? Sie m\u00f6chten Ihre Adresse oder E-Mail-Adresse \u00e4ndern? Sie m\u00f6chten uns etwas anderes bez\u00fcglich Ihrer Vereinsmitgliedschaft mitteilen? Kontaktieren Sie uns unter: <a href=\"mailto:Vorstand@juristenbibliothek-leipzig.de\"><strong>vorstand@juristenbibliothek-leipzig.de<\/strong><\/a><\/p>\n<p>\u00a0<\/p>\n\n\n<p><\/p>\n","protected":false},"excerpt":{"rendered":"<p>Sie haben Fragen oder Anmerkungen? Sie m\u00f6chten Ihre Adresse oder E-Mail-Adresse \u00e4ndern? Sie m\u00f6chten uns etwas anderes bez\u00fcglich Ihrer Vereinsmitgliedschaft mitteilen? Kontaktieren Sie uns unter: vorstand@juristenbibliothek-leipzig.de \u00a0<\/p>\n<p> <a class=\"continue-reading-link\" href=\"https:\/\/juristenbibliothek-leipzig.de\/?page_id=53\"><span>Continue reading<\/span><i class=\"crycon-right-dir\"><\/i><\/a> <\/p>\n","protected":false},"author":1,"featured_media":0,"parent":0,"menu_order":0,"comment_status":"closed","ping_status":"closed","template":"","meta":{"spay_email":"","footnotes":""},"class_list":["post-53","page","type-page","status-publish","hentry"],"jetpack_shortlink":"https:\/\/wp.me\/P4V34a-R","jetpack-related-posts":[{"id":232,"url":"https:\/\/juristenbibliothek-leipzig.de\/?page_id=232","url_meta":{"origin":53,"position":0},"title":"Datenschutzerkl\u00e4rung","date":"9. Mai 2022","format":false,"excerpt":"Wer wir sind Textvorschlag: Die Adresse unserer Website ist: https:\/\/juristenbibliothek-leipzig.de. Kommentare Textvorschlag: Wenn Besucher Kommentare auf der Website schreiben, sammeln wir die Daten, die im Kommentar-Formular angezeigt werden, au\u00dferdem die IP-Adresse des Besuchers und den User-Agent-String (damit wird der Browser identifiziert), um die Erkennung von Spam zu unterst\u00fctzen. Aus deiner\u2026","rel":"","context":"\u00c4hnlicher Beitrag","img":{"alt_text":"","src":"","width":0,"height":0},"classes":[]},{"id":5,"url":"https:\/\/juristenbibliothek-leipzig.de\/?page_id=5","url_meta":{"origin":53,"position":1},"title":"Mitgliedschaft","date":"11. Juli 2014","format":false,"excerpt":"Warum soll ich Mitglied werden? \"... Warum soll ich Mitglied werden? Was kann ich mit dem geringen Beitrag von 11 oder 26 \u20ac schon ausrichten? Damit kann man doch noch nicht einmal ein einfaches Lehrbuch, geschweige denn einen Kommentar kaufen. Und au\u00dferdem ist die Ausstattung der Universit\u00e4tsbibliotheken doch Aufgabe der\u2026","rel":"","context":"\u00c4hnlicher Beitrag","img":{"alt_text":"","src":"","width":0,"height":0},"classes":[]},{"id":7,"url":"https:\/\/juristenbibliothek-leipzig.de\/?page_id=7","url_meta":{"origin":53,"position":2},"title":"Sponsoring","date":"11. Juli 2014","format":false,"excerpt":"Sie wollen sich von juristischer Literatur trennen, da das B\u00fccherregal droht zusammenzufallen? Oder m\u00f6chten Sie Geld f\u00fcr die Verbesserung der Bibliotheksausstattung spenden? Wir freuen uns \u00fcber jeden noch so kleinen Beitrag. Wie k\u00f6nnen wir uns revanchieren? Beispielsweise bei gr\u00f6\u00dferen Geldspenden oder kontinuierlicher Unterst\u00fctzung mit einer Verlinkung auf unserer Homepage und\u2026","rel":"","context":"\u00c4hnlicher Beitrag","img":{"alt_text":"","src":"","width":0,"height":0},"classes":[]},{"id":2,"url":"https:\/\/juristenbibliothek-leipzig.de\/","url_meta":{"origin":53,"position":3},"title":"Verein","date":"9. Mai 2014","format":false,"excerpt":"Wer sind wir? Der Verein zur F\u00f6rderung der Juristenbibliothek e.V. wurde 16.10.1997 auf Initiative von Studenten und Professoren gegr\u00fcndet. Er ist im Vereinsregister eingetragen und als gemeinn\u00fctzig im Sinne der Abgabenordnung anerkannt (VR 2959, AG Leipzig). Was machen wir? Das Ziel ist die F\u00f6rderung der Juristenbibliothek Leipzig und damit auch\u2026","rel":"","context":"\u00c4hnlicher Beitrag","img":{"alt_text":"","src":"","width":0,"height":0},"classes":[]}],"_links":{"self":[{"href":"https:\/\/juristenbibliothek-leipzig.de\/index.php?rest_route=\/wp\/v2\/pages\/53","targetHints":{"allow":["GET"]}}],"collection":[{"href":"https:\/\/juristenbibliothek-leipzig.de\/index.php?rest_route=\/wp\/v2\/pages"}],"about":[{"href":"https:\/\/juristenbibliothek-leipzig.de\/index.php?rest_route=\/wp\/v2\/types\/page"}],"author":[{"embeddable":true,"href":"https:\/\/juristenbibliothek-leipzig.de\/index.php?rest_route=\/wp\/v2\/users\/1"}],"replies":[{"embeddable":true,"href":"https:\/\/juristenbibliothek-leipzig.de\/index.php?rest_route=%2Fwp%2Fv2%2Fcomments&post=53"}],"version-history":[{"count":17,"href":"https:\/\/juristenbibliothek-leipzig.de\/index.php?rest_route=\/wp\/v2\/pages\/53\/revisions"}],"predecessor-version":[{"id":313,"href":"https:\/\/juristenbibliothek-leipzig.de\/index.php?rest_route=\/wp\/v2\/pages\/53\/revisions\/313"}],"wp:attachment":[{"href":"https:\/\/juristenbibliothek-leipzig.de\/index.php?rest_route=%2Fwp%2Fv2%2Fmedia&parent=53"}],"curies":[{"name":"wp","href":"https:\/\/api.w.org\/{rel}","templated":true}]}}